{"id":113,"date":"2025-03-27T13:52:20","date_gmt":"2025-03-27T12:52:20","guid":{"rendered":"https:\/\/ashteret.org\/?page_id=113"},"modified":"2025-04-20T07:06:06","modified_gmt":"2025-04-20T05:06:06","slug":"mentions-legales","status":"publish","type":"page","link":"https:\/\/ashteret.org\/ar\/mentions-legales\/","title":{"rendered":"Mentions l\u00e9gales"},"content":{"rendered":"\n<div class=\"wp-block-group is-layout-constrained wp-block-group-is-layout-constrained\">\n<p>Mentions l\u00e9gales<\/p>\n\n\n\n<p><strong>Conform\u00e9ment \u00e0 la loi n\u00b02004-575 du 21 juin 2004 pour la confiance dans l&#8217;\u00e9conomie num\u00e9rique (LCEN), nous informons les visiteurs du site <a class=\"\" href=\"http:\/\/www.ashteret.org\">www.ashteret.org<\/a> des \u00e9l\u00e9ments suivants :<\/strong><\/p>\n\n\n\n<hr class=\"wp-block-separator has-alpha-channel-opacity\"\/>\n\n\n\n<h3 class=\"wp-block-heading\">1. \u00c9diteur du site<\/h3>\n\n\n\n<p><strong>Association &#8220;Ashteret, Forum pour le renouveau du savoir et de la coexistence<\/strong>&#8220;<br>Association loi 1901 \u00e0 but non lucratif<br>RNA : W751278541<br>SIRET : 94294927200010<br>Adresse : 11, rue du March\u00e9 Saint Honor\u00e9 &#8211; 75001 Paris<br>Email : <a class=\"\">contact@ashteret.org<\/a><br>Site web : <a class=\"\" href=\"http:\/\/www.ashteret.org\">www.ashteret.org<\/a><br>Responsable de la publication : F. Alexandre Rifai, Pr\u00e9sident, Fondateur<\/p>\n\n\n\n<hr class=\"wp-block-separator has-alpha-channel-opacity\"\/>\n\n\n\n<h3 class=\"wp-block-heading\">2. H\u00e9bergement<\/h3>\n\n\n\n<p>Le site est h\u00e9berg\u00e9 par :<br><strong>IONOS<\/strong><br>Adresse : <strong>7 PLACE DE LA GARE 57200 SARREGUEMINES<\/strong><br>T\u00e9l\u00e9phone : 09 70 80 89 11<br>Site web : www.ionos.fr<\/p>\n\n\n\n<hr class=\"wp-block-separator has-alpha-channel-opacity\"\/>\n\n\n\n<h3 class=\"wp-block-heading\">3. Propri\u00e9t\u00e9 intellectuelle<\/h3>\n\n\n\n<p>L\u2019ensemble du site (textes, images, graphismes, logo, vid\u00e9os, contenus multim\u00e9dia, etc.) est la propri\u00e9t\u00e9 exclusive de l\u2019association Ashteret, sauf mentions contraires.<\/p>\n\n\n\n<p>Toute reproduction, diffusion ou utilisation sans autorisation \u00e9crite est strictement interdite et constitue une contrefa\u00e7on au sens des articles L.335-2 et suivants du Code de la propri\u00e9t\u00e9 intellectuelle.<\/p>\n\n\n\n<hr class=\"wp-block-separator has-alpha-channel-opacity\"\/>\n\n\n\n<h3 class=\"wp-block-heading\">4. Donn\u00e9es personnelles<\/h3>\n\n\n\n<p>Aucune donn\u00e9e personnelle n\u2019est collect\u00e9e \u00e0 votre insu.<br>Les donn\u00e9es recueillies (newsletter, formulaires de contact) ne sont utilis\u00e9es qu\u2019\u00e0 des fins d\u2019information ou de r\u00e9ponse, conform\u00e9ment au <strong>R\u00e8glement g\u00e9n\u00e9ral sur la protection des donn\u00e9es (RGPD)<\/strong>.<\/p>\n\n\n\n<p>Vous pouvez \u00e0 tout moment demander l\u2019acc\u00e8s, la rectification ou la suppression de vos donn\u00e9es personnelles en \u00e9crivant \u00e0 :<br>\ud83d\udce7 <a class=\"\">contact@ashteret.org<\/a><\/p>\n\n\n\n<p>Aucune donn\u00e9e n\u2019est transmise \u00e0 des tiers sans votre consentement.<\/p>\n\n\n\n<hr class=\"wp-block-separator has-alpha-channel-opacity\"\/>\n\n\n\n<h3 class=\"wp-block-heading\">5. Cookies<\/h3>\n\n\n\n<p>Le site peut utiliser des cookies pour am\u00e9liorer la navigation.<br>En poursuivant votre navigation sur <a class=\"\" href=\"http:\/\/www.ashteret.org\">www.ashteret.org<\/a>, vous acceptez l\u2019utilisation \u00e9ventuelle de cookies \u00e0 des fins purement statistiques ou techniques.<\/p>\n\n\n\n<hr class=\"wp-block-separator has-alpha-channel-opacity\"\/>\n\n\n\n<h3 class=\"wp-block-heading\">6. Limitation de responsabilit\u00e9<\/h3>\n\n\n\n<p>Ashteret met tout en \u0153uvre pour assurer la fiabilit\u00e9 des informations publi\u00e9es, mais ne saurait \u00eatre tenue responsable des erreurs ou omissions involontaires, ni de l\u2019usage qui en serait fait par des tiers.<\/p>\n<\/div>\n","protected":false},"excerpt":{"rendered":"<p>Mentions l\u00e9gales Conform\u00e9ment \u00e0 la loi n\u00b02004-575 du 21 juin 2004 pour la confiance dans l&#8217;\u00e9conomie num\u00e9rique (LCEN), nous informons [&hellip;]<\/p>\n","protected":false},"author":1,"featured_media":0,"parent":0,"menu_order":0,"comment_status":"closed","ping_status":"closed","template":"","meta":{"site-sidebar-layout":"default","site-content-layout":"","ast-site-content-layout":"","site-content-style":"default","site-sidebar-style":"default","ast-global-header-display":"","ast-banner-title-visibility":"","ast-main-header-display":"","ast-hfb-above-header-display":"","ast-hfb-below-header-display":"","ast-hfb-mobile-header-display":"","site-post-title":"","ast-breadcrumbs-content":"","ast-featured-img":"","footer-sml-layout":"","theme-transparent-header-meta":"","adv-header-id-meta":"","stick-header-meta":"","header-above-stick-meta":"","header-main-stick-meta":"","header-below-stick-meta":"","astra-migrate-meta-layouts":"default","ast-page-background-enabled":"default","ast-page-background-meta":{"desktop":{"background-color":"var(--ast-global-color-5)","background-image":"","background-repeat":"repeat","background-position":"center center","background-size":"auto","background-attachment":"scroll","background-type":"","background-media":"","overlay-type":"","overlay-color":"","overlay-opacity":"","overlay-gradient":""},"tablet":{"background-color":"","background-image":"","background-repeat":"repeat","background-position":"center center","background-size":"auto","background-attachment":"scroll","background-type":"","background-media":"","overlay-type":"","overlay-color":"","overlay-opacity":"","overlay-gradient":""},"mobile":{"background-color":"","background-image":"","background-repeat":"repeat","background-position":"center center","background-size":"auto","background-attachment":"scroll","background-type":"","background-media":"","overlay-type":"","overlay-color":"","overlay-opacity":"","overlay-gradient":""}},"ast-content-background-meta":{"desktop":{"background-color":"var(--ast-global-color-4)","background-image":"","background-repeat":"repeat","background-position":"center center","background-size":"auto","background-attachment":"scroll","background-type":"","background-media":"","overlay-type":"","overlay-color":"","overlay-opacity":"","overlay-gradient":""},"tablet":{"background-color":"var(--ast-global-color-4)","background-image":"","background-repeat":"repeat","background-position":"center center","background-size":"auto","background-attachment":"scroll","background-type":"","background-media":"","overlay-type":"","overlay-color":"","overlay-opacity":"","overlay-gradient":""},"mobile":{"background-color":"var(--ast-global-color-4)","background-image":"","background-repeat":"repeat","background-position":"center center","background-size":"auto","background-attachment":"scroll","background-type":"","background-media":"","overlay-type":"","overlay-color":"","overlay-opacity":"","overlay-gradient":""}},"footnotes":""},"class_list":["post-113","page","type-page","status-publish","hentry"],"yoast_head":"<!-- This site is optimized with the Yoast SEO plugin v26.2 - https:\/\/yoast.com\/wordpress\/plugins\/seo\/ -->\n<title>Mentions l\u00e9gales<\/title>\n<meta name=\"robots\" content=\"index, follow, max-snippet:-1, max-image-preview:large, max-video-preview:-1\" \/>\n<link rel=\"canonical\" href=\"https:\/\/ashteret.org\/ar\/mentions-legales\/\" \/>\n<meta property=\"og:locale\" content=\"en_US\" \/>\n<meta property=\"og:locale:alternate\" content=\"fr_FR\" \/>\n<meta property=\"og:locale:alternate\" content=\"en-uk\" \/>\n<meta property=\"og:type\" content=\"article\" \/>\n<meta property=\"og:title\" content=\"Mentions l\u00e9gales\" \/>\n<meta property=\"og:description\" content=\"Mentions l\u00e9gales Conform\u00e9ment \u00e0 la loi n\u00b02004-575 du 21 juin 2004 pour la confiance dans l&#8217;\u00e9conomie num\u00e9rique (LCEN), nous informons [&hellip;]\" \/>\n<meta property=\"og:url\" content=\"https:\/\/ashteret.org\/ar\/mentions-legales\/\" \/>\n<meta property=\"og:site_name\" content=\"Ashteret \u0639\u0634\u062a\u064a\u0631\u064a\u062a\" \/>\n<meta property=\"article:modified_time\" content=\"2025-04-20T05:06:06+00:00\" \/>\n<meta name=\"twitter:card\" content=\"summary_large_image\" \/>\n<meta name=\"twitter:label1\" content=\"Est. reading time\" \/>\n\t<meta name=\"twitter:data1\" content=\"2 minutes\" \/>\n<script type=\"application\/ld+json\" class=\"yoast-schema-graph\">{\"@context\":\"https:\/\/schema.org\",\"@graph\":[{\"@type\":\"WebPage\",\"@id\":\"https:\/\/ashteret.org\/mentions-legales\/\",\"url\":\"https:\/\/ashteret.org\/mentions-legales\/\",\"name\":\"Mentions l\u00e9gales\",\"isPartOf\":{\"@id\":\"https:\/\/ashteret.org\/#website\"},\"datePublished\":\"2025-03-27T12:52:20+00:00\",\"dateModified\":\"2025-04-20T05:06:06+00:00\",\"breadcrumb\":{\"@id\":\"https:\/\/ashteret.org\/mentions-legales\/#breadcrumb\"},\"inLanguage\":\"ar-sa\",\"potentialAction\":[{\"@type\":\"ReadAction\",\"target\":[\"https:\/\/ashteret.org\/mentions-legales\/\"]}]},{\"@type\":\"BreadcrumbList\",\"@id\":\"https:\/\/ashteret.org\/mentions-legales\/#breadcrumb\",\"itemListElement\":[{\"@type\":\"ListItem\",\"position\":1,\"name\":\"Accueil\",\"item\":\"https:\/\/ashteret.org\/en\/\"},{\"@type\":\"ListItem\",\"position\":2,\"name\":\"Mentions l\u00e9gales\"}]},{\"@type\":\"WebSite\",\"@id\":\"https:\/\/ashteret.org\/#website\",\"url\":\"https:\/\/ashteret.org\/\",\"name\":\"Ashteret \u0639\u0634\u062a\u064a\u0631\u064a\u062a\",\"description\":\"Forum pour le renouveau du savoir et de la coexistence\",\"publisher\":{\"@id\":\"https:\/\/ashteret.org\/#organization\"},\"potentialAction\":[{\"@type\":\"SearchAction\",\"target\":{\"@type\":\"EntryPoint\",\"urlTemplate\":\"https:\/\/ashteret.org\/?s={search_term_string}\"},\"query-input\":{\"@type\":\"PropertyValueSpecification\",\"valueRequired\":true,\"valueName\":\"search_term_string\"}}],\"inLanguage\":\"ar-sa\"},{\"@type\":\"Organization\",\"@id\":\"https:\/\/ashteret.org\/#organization\",\"name\":\"Ashteret \u0639\u0634\u062a\u064a\u0631\u064a\u062a\",\"url\":\"https:\/\/ashteret.org\/\",\"logo\":{\"@type\":\"ImageObject\",\"inLanguage\":\"ar-sa\",\"@id\":\"https:\/\/ashteret.org\/#\/schema\/logo\/image\/\",\"url\":\"https:\/\/ashteret.org\/wp-content\/uploads\/2025\/03\/cropped-ashteret-icon-new-1.png\",\"contentUrl\":\"https:\/\/ashteret.org\/wp-content\/uploads\/2025\/03\/cropped-ashteret-icon-new-1.png\",\"width\":541,\"height\":744,\"caption\":\"Ashteret  \u0639\u0634\u062a\u064a\u0631\u064a\u062a\"},\"image\":{\"@id\":\"https:\/\/ashteret.org\/#\/schema\/logo\/image\/\"}}]}<\/script>\n<!-- \/ Yoast SEO plugin. -->","yoast_head_json":{"title":"Mentions l\u00e9gales","robots":{"index":"index","follow":"follow","max-snippet":"max-snippet:-1","max-image-preview":"max-image-preview:large","max-video-preview":"max-video-preview:-1"},"canonical":"https:\/\/ashteret.org\/ar\/mentions-legales\/","og_locale":"en_US","og_type":"article","og_title":"[:fr]Mentions l\u00e9gales[:] - Ashteret \u0639\u0634\u062a\u064a\u0631\u064a\u062a","og_description":"Mentions l\u00e9gales Conform\u00e9ment \u00e0 la loi n\u00b02004-575 du 21 juin 2004 pour la confiance dans l&#8217;\u00e9conomie num\u00e9rique (LCEN), nous informons [&hellip;]","og_url":"https:\/\/ashteret.org\/ar\/mentions-legales\/","og_site_name":"Ashteret \u0639\u0634\u062a\u064a\u0631\u064a\u062a","article_modified_time":"2025-04-20T05:06:06+00:00","twitter_card":"summary_large_image","twitter_misc":{"Est. reading time":"2 minutes"},"schema":{"@context":"https:\/\/schema.org","@graph":[{"@type":"WebPage","@id":"https:\/\/ashteret.org\/mentions-legales\/","url":"https:\/\/ashteret.org\/mentions-legales\/","name":"Mentions l\u00e9gales","isPartOf":{"@id":"https:\/\/ashteret.org\/#website"},"datePublished":"2025-03-27T12:52:20+00:00","dateModified":"2025-04-20T05:06:06+00:00","breadcrumb":{"@id":"https:\/\/ashteret.org\/mentions-legales\/#breadcrumb"},"inLanguage":"ar-sa","potentialAction":[{"@type":"ReadAction","target":["https:\/\/ashteret.org\/mentions-legales\/"]}]},{"@type":"BreadcrumbList","@id":"https:\/\/ashteret.org\/mentions-legales\/#breadcrumb","itemListElement":[{"@type":"ListItem","position":1,"name":"Accueil","item":"https:\/\/ashteret.org\/en\/"},{"@type":"ListItem","position":2,"name":"Mentions l\u00e9gales"}]},{"@type":"WebSite","@id":"https:\/\/ashteret.org\/#website","url":"https:\/\/ashteret.org\/","name":"Ashteret \u0639\u0634\u062a\u064a\u0631\u064a\u062a","description":"Forum pour le renouveau du savoir et de la coexistence","publisher":{"@id":"https:\/\/ashteret.org\/#organization"},"potentialAction":[{"@type":"SearchAction","target":{"@type":"EntryPoint","urlTemplate":"https:\/\/ashteret.org\/?s={search_term_string}"},"query-input":{"@type":"PropertyValueSpecification","valueRequired":true,"valueName":"search_term_string"}}],"inLanguage":"ar-sa"},{"@type":"Organization","@id":"https:\/\/ashteret.org\/#organization","name":"Ashteret \u0639\u0634\u062a\u064a\u0631\u064a\u062a","url":"https:\/\/ashteret.org\/","logo":{"@type":"ImageObject","inLanguage":"ar-sa","@id":"https:\/\/ashteret.org\/#\/schema\/logo\/image\/","url":"https:\/\/ashteret.org\/wp-content\/uploads\/2025\/03\/cropped-ashteret-icon-new-1.png","contentUrl":"https:\/\/ashteret.org\/wp-content\/uploads\/2025\/03\/cropped-ashteret-icon-new-1.png","width":541,"height":744,"caption":"Ashteret  \u0639\u0634\u062a\u064a\u0631\u064a\u062a"},"image":{"@id":"https:\/\/ashteret.org\/#\/schema\/logo\/image\/"}}]}},"_links":{"self":[{"href":"https:\/\/ashteret.org\/ar\/wp-json\/wp\/v2\/pages\/113","targetHints":{"allow":["GET"]}}],"collection":[{"href":"https:\/\/ashteret.org\/ar\/wp-json\/wp\/v2\/pages"}],"about":[{"href":"https:\/\/ashteret.org\/ar\/wp-json\/wp\/v2\/types\/page"}],"author":[{"embeddable":true,"href":"https:\/\/ashteret.org\/ar\/wp-json\/wp\/v2\/users\/1"}],"replies":[{"embeddable":true,"href":"https:\/\/ashteret.org\/ar\/wp-json\/wp\/v2\/comments?post=113"}],"version-history":[{"count":10,"href":"https:\/\/ashteret.org\/ar\/wp-json\/wp\/v2\/pages\/113\/revisions"}],"predecessor-version":[{"id":773,"href":"https:\/\/ashteret.org\/ar\/wp-json\/wp\/v2\/pages\/113\/revisions\/773"}],"wp:attachment":[{"href":"https:\/\/ashteret.org\/ar\/wp-json\/wp\/v2\/media?parent=113"}],"curies":[{"name":"wp","href":"https:\/\/api.w.org\/{rel}","templated":true}]}}